{"id":8,"date":"2023-06-30T12:22:21","date_gmt":"2023-06-30T10:22:21","guid":{"rendered":"http:\/\/astronomie-vercors.fr\/?page_id=8"},"modified":"2024-12-06T20:05:40","modified_gmt":"2024-12-06T19:05:40","slug":"accueil-astronomie-vercors","status":"publish","type":"page","link":"https:\/\/astronomie-vercors.fr\/","title":{"rendered":"Accueil"},"content":{"rendered":"\n<p>Lors d\u2019une belle soir\u00e9e installons nous et partons en voyage dans les \u00e9toiles. Partageons ces instants magiques qui passionnent chacun d\u2019entre nous. Partons \u00e0 la d\u00e9couverte de cette dimension de notre environnement si mal connu. Prenons le temps de voir le soleil se coucher&nbsp;puis partons en voyage&nbsp;dans le ciel et ses constellations, ses plan\u00e8tes, ses mythes. Explorons \u00e9galement des mythes  d\u2019autres civilisations. Interrogeons-nous sur l\u2019univers et ses myst\u00e8res. Je propose des apports scientifiques mais aussi des contes mythes qui enthousiasment petits et grands.<\/p>\n\n\n\n<p><a href=\"https:\/\/astronomie-vercors.fr\/index.php\/que-proposons-nous\/\" target=\"_blank\" rel=\"noreferrer noopener\">Tout public : <br><\/a>&#8211; Exploration de l&#8217;astronomie et soir\u00e9e de d\u00e9couverte <br>&#8211; S\u00e9jour nature et astronomie (Vercors, Calanques, Ard\u00e8che..)<\/p>\n\n\n\n<p><a href=\"https:\/\/astronomie-vercors.fr\/index.php\/que-proposons-nous\/\" target=\"_blank\" rel=\"noreferrer noopener\">Groupe et S\u00e9minaires : <br><\/a>&#8211; Conf\u00e9rences mythologie et astronomie &#8211; Histoire de l&#8217;astronomie &#8211; Arch\u00e9o-astronomie<br>&#8211; Observation &#8220;Voyage dans les \u00e9toiles entre astronomie et mythologie&#8221;<br>&#8211; Observation du ciel profond (galaxies, n\u00e9buleuses, plan\u00e8tes\u2026)<\/p>\n\n\n\n<p><a href=\"https:\/\/astronomie-vercors.fr\/index.php\/que-proposons-nous\/\" target=\"_blank\" rel=\"noreferrer noopener\">Scolaire Primaire- Coll\u00e8ge-Lyc\u00e9e :<br><\/a> &#8211; Histoire de l&#8217;astronomie et de\u00a0la progression des id\u00e9es et connaissances<br> &#8211; Notre place dans le syst\u00e8me solaire , pourquoi les saisons &#8230;<br> &#8211; L\u2019univers, les galaxies et autres objets qui le constitue.<br> &#8211; Le ciel et ses constellations \u00e0 partir de la vision des anciennes civilisations (mythologie, zodiaque &#8230;).<\/p>\n\n\n\n<p><a href=\"https:\/\/www.afastronomie.fr\" target=\"_blank\" rel=\"noreferrer noopener\">Membre de l&#8217;AFA (association fran\u00e7aise d&#8217;astronomie)<\/a><\/p>\n","protected":false},"excerpt":{"rendered":"<p>Lors d\u2019une belle soir\u00e9e installons nous et partons en voyage dans les \u00e9toiles. Partageons ces instants magiques qui passionnent chacun d\u2019entre nous. Partons \u00e0 la d\u00e9couverte de cette dimension de notre environnement si mal connu. Prenons le temps de voir le soleil se coucher&nbsp;puis partons en voyage&nbsp;dans le ciel et ses constellations, ses plan\u00e8tes, ses &hellip; <\/p>\n<p class=\"link-more\"><a href=\"https:\/\/astronomie-vercors.fr\/\" class=\"more-link\">Continue reading<span class=\"screen-reader-text\"> &#8220;Accueil&#8221;<\/span><\/a><\/p>\n","protected":false},"author":1,"featured_media":36,"parent":0,"menu_order":0,"comment_status":"closed","ping_status":"closed","template":"","meta":{"om_disable_all_campaigns":false,"_monsterinsights_skip_tracking":false,"_monsterinsights_sitenote_active":false,"_monsterinsights_sitenote_note":"","_monsterinsights_sitenote_category":0,"_uf_show_specific_survey":0,"_uf_disable_surveys":false,"footnotes":""},"class_list":["post-8","page","type-page","status-publish","has-post-thumbnail","hentry"],"yoast_head":"<!-- This site is optimized with the Yoast SEO plugin v27.4 - https:\/\/yoast.com\/product\/yoast-seo-wordpress\/ -->\n<title>Accueil - Astronomie Vercors science et mythologie -pratiquer une nouvelle astronomie<\/title>\n<meta name=\"description\" content=\"Astronomie Vercors - Astronomie Vercors propose des soir\u00e9es d&#039;observation des \u00e9toiles entre astronomie et mythologie .\" \/>\n<meta name=\"robots\" content=\"index, follow, max-snippet:-1, max-image-preview:large, max-video-preview:-1\" \/>\n<link rel=\"canonical\" href=\"https:\/\/astronomie-vercors.fr\/\" \/>\n<meta property=\"og:locale\" content=\"en_US\" \/>\n<meta property=\"og:type\" content=\"article\" \/>\n<meta property=\"og:title\" content=\"Accueil - Astronomie Vercors science et mythologie -pratiquer une nouvelle astronomie\" \/>\n<meta property=\"og:description\" content=\"Astronomie Vercors - Astronomie Vercors propose des soir\u00e9es d&#039;observation des \u00e9toiles entre astronomie et mythologie .\" \/>\n<meta property=\"og:url\" content=\"https:\/\/astronomie-vercors.fr\/\" \/>\n<meta property=\"og:site_name\" content=\"Astronomie Vercors\" \/>\n<meta property=\"article:publisher\" content=\"https:\/\/www.facebook.com\/astrovercors\" \/>\n<meta property=\"article:modified_time\" content=\"2024-12-06T19:05:40+00:00\" \/>\n<meta property=\"og:image\" content=\"https:\/\/astronomie-vercors.fr\/wp-content\/uploads\/2023\/06\/star-gazing-1149228.jpg\" \/>\n\t<meta property=\"og:image:width\" content=\"2500\" \/>\n\t<meta property=\"og:image:height\" content=\"1667\" \/>\n\t<meta property=\"og:image:type\" content=\"image\/jpeg\" \/>\n<meta name=\"twitter:card\" content=\"summary_large_image\" \/>\n<meta name=\"twitter:label1\" content=\"Est. reading time\" \/>\n\t<meta name=\"twitter:data1\" content=\"1 minute\" \/>\n<script type=\"application\/ld+json\" class=\"yoast-schema-graph\">{\"@context\":\"https:\\\/\\\/schema.org\",\"@graph\":[{\"@type\":\"WebPage\",\"@id\":\"https:\\\/\\\/astronomie-vercors.fr\\\/\",\"url\":\"https:\\\/\\\/astronomie-vercors.fr\\\/\",\"name\":\"Accueil - Astronomie Vercors science et mythologie -pratiquer une nouvelle astronomie\",\"isPartOf\":{\"@id\":\"https:\\\/\\\/astronomie-vercors.fr\\\/#website\"},\"primaryImageOfPage\":{\"@id\":\"https:\\\/\\\/astronomie-vercors.fr\\\/#primaryimage\"},\"image\":{\"@id\":\"https:\\\/\\\/astronomie-vercors.fr\\\/#primaryimage\"},\"thumbnailUrl\":\"https:\\\/\\\/astronomie-vercors.fr\\\/wp-content\\\/uploads\\\/2023\\\/06\\\/star-gazing-1149228.jpg\",\"datePublished\":\"2023-06-30T10:22:21+00:00\",\"dateModified\":\"2024-12-06T19:05:40+00:00\",\"description\":\"Astronomie Vercors - Astronomie Vercors propose des soir\u00e9es d'observation des \u00e9toiles entre astronomie et mythologie .\",\"breadcrumb\":{\"@id\":\"https:\\\/\\\/astronomie-vercors.fr\\\/#breadcrumb\"},\"inLanguage\":\"en-US\",\"potentialAction\":[{\"@type\":\"ReadAction\",\"target\":[\"https:\\\/\\\/astronomie-vercors.fr\\\/\"]}]},{\"@type\":\"ImageObject\",\"inLanguage\":\"en-US\",\"@id\":\"https:\\\/\\\/astronomie-vercors.fr\\\/#primaryimage\",\"url\":\"https:\\\/\\\/astronomie-vercors.fr\\\/wp-content\\\/uploads\\\/2023\\\/06\\\/star-gazing-1149228.jpg\",\"contentUrl\":\"https:\\\/\\\/astronomie-vercors.fr\\\/wp-content\\\/uploads\\\/2023\\\/06\\\/star-gazing-1149228.jpg\",\"width\":2500,\"height\":1667,\"caption\":\"observation des \u00e9toiles\"},{\"@type\":\"BreadcrumbList\",\"@id\":\"https:\\\/\\\/astronomie-vercors.fr\\\/#breadcrumb\",\"itemListElement\":[{\"@type\":\"ListItem\",\"position\":1,\"name\":\"Accueil\",\"item\":\"https:\\\/\\\/astronomie-vercors.fr\\\/\"},{\"@type\":\"ListItem\",\"position\":2,\"name\":\"Accueil\"}]},{\"@type\":\"WebSite\",\"@id\":\"https:\\\/\\\/astronomie-vercors.fr\\\/#website\",\"url\":\"https:\\\/\\\/astronomie-vercors.fr\\\/\",\"name\":\"Astronomie Vercors\",\"description\":\"Sans l&#039;astronomie, l&#039;homme ignore la place qu&#039;il occupe. (Aristote)\",\"publisher\":{\"@id\":\"https:\\\/\\\/astronomie-vercors.fr\\\/#organization\"},\"potentialAction\":[{\"@type\":\"SearchAction\",\"target\":{\"@type\":\"EntryPoint\",\"urlTemplate\":\"https:\\\/\\\/astronomie-vercors.fr\\\/?s={search_term_string}\"},\"query-input\":{\"@type\":\"PropertyValueSpecification\",\"valueRequired\":true,\"valueName\":\"search_term_string\"}}],\"inLanguage\":\"en-US\"},{\"@type\":\"Organization\",\"@id\":\"https:\\\/\\\/astronomie-vercors.fr\\\/#organization\",\"name\":\"Astronomie Vercors\",\"url\":\"https:\\\/\\\/astronomie-vercors.fr\\\/\",\"logo\":{\"@type\":\"ImageObject\",\"inLanguage\":\"en-US\",\"@id\":\"https:\\\/\\\/astronomie-vercors.fr\\\/#\\\/schema\\\/logo\\\/image\\\/\",\"url\":\"http:\\\/\\\/astronomie-vercors.fr\\\/wp-content\\\/uploads\\\/2023\\\/06\\\/cropped-logo-grandeur-nature-gd-copie.jpg\",\"contentUrl\":\"http:\\\/\\\/astronomie-vercors.fr\\\/wp-content\\\/uploads\\\/2023\\\/06\\\/cropped-logo-grandeur-nature-gd-copie.jpg\",\"width\":512,\"height\":512,\"caption\":\"Astronomie Vercors\"},\"image\":{\"@id\":\"https:\\\/\\\/astronomie-vercors.fr\\\/#\\\/schema\\\/logo\\\/image\\\/\"},\"sameAs\":[\"https:\\\/\\\/www.facebook.com\\\/astrovercors\"]}]}<\/script>\n<!-- \/ Yoast SEO plugin. -->","yoast_head_json":{"title":"Accueil - Astronomie Vercors science et mythologie -pratiquer une nouvelle astronomie","description":"Astronomie Vercors - Astronomie Vercors propose des soir\u00e9es d'observation des \u00e9toiles entre astronomie et mythologie .","robots":{"index":"index","follow":"follow","max-snippet":"max-snippet:-1","max-image-preview":"max-image-preview:large","max-video-preview":"max-video-preview:-1"},"canonical":"https:\/\/astronomie-vercors.fr\/","og_locale":"en_US","og_type":"article","og_title":"Accueil - Astronomie Vercors science et mythologie -pratiquer une nouvelle astronomie","og_description":"Astronomie Vercors - Astronomie Vercors propose des soir\u00e9es d'observation des \u00e9toiles entre astronomie et mythologie .","og_url":"https:\/\/astronomie-vercors.fr\/","og_site_name":"Astronomie Vercors","article_publisher":"https:\/\/www.facebook.com\/astrovercors","article_modified_time":"2024-12-06T19:05:40+00:00","og_image":[{"width":2500,"height":1667,"url":"https:\/\/astronomie-vercors.fr\/wp-content\/uploads\/2023\/06\/star-gazing-1149228.jpg","type":"image\/jpeg"}],"twitter_card":"summary_large_image","twitter_misc":{"Est. reading time":"1 minute"},"schema":{"@context":"https:\/\/schema.org","@graph":[{"@type":"WebPage","@id":"https:\/\/astronomie-vercors.fr\/","url":"https:\/\/astronomie-vercors.fr\/","name":"Accueil - Astronomie Vercors science et mythologie -pratiquer une nouvelle astronomie","isPartOf":{"@id":"https:\/\/astronomie-vercors.fr\/#website"},"primaryImageOfPage":{"@id":"https:\/\/astronomie-vercors.fr\/#primaryimage"},"image":{"@id":"https:\/\/astronomie-vercors.fr\/#primaryimage"},"thumbnailUrl":"https:\/\/astronomie-vercors.fr\/wp-content\/uploads\/2023\/06\/star-gazing-1149228.jpg","datePublished":"2023-06-30T10:22:21+00:00","dateModified":"2024-12-06T19:05:40+00:00","description":"Astronomie Vercors - Astronomie Vercors propose des soir\u00e9es d'observation des \u00e9toiles entre astronomie et mythologie .","breadcrumb":{"@id":"https:\/\/astronomie-vercors.fr\/#breadcrumb"},"inLanguage":"en-US","potentialAction":[{"@type":"ReadAction","target":["https:\/\/astronomie-vercors.fr\/"]}]},{"@type":"ImageObject","inLanguage":"en-US","@id":"https:\/\/astronomie-vercors.fr\/#primaryimage","url":"https:\/\/astronomie-vercors.fr\/wp-content\/uploads\/2023\/06\/star-gazing-1149228.jpg","contentUrl":"https:\/\/astronomie-vercors.fr\/wp-content\/uploads\/2023\/06\/star-gazing-1149228.jpg","width":2500,"height":1667,"caption":"observation des \u00e9toiles"},{"@type":"BreadcrumbList","@id":"https:\/\/astronomie-vercors.fr\/#breadcrumb","itemListElement":[{"@type":"ListItem","position":1,"name":"Accueil","item":"https:\/\/astronomie-vercors.fr\/"},{"@type":"ListItem","position":2,"name":"Accueil"}]},{"@type":"WebSite","@id":"https:\/\/astronomie-vercors.fr\/#website","url":"https:\/\/astronomie-vercors.fr\/","name":"Astronomie Vercors","description":"Sans l&#039;astronomie, l&#039;homme ignore la place qu&#039;il occupe. (Aristote)","publisher":{"@id":"https:\/\/astronomie-vercors.fr\/#organization"},"potentialAction":[{"@type":"SearchAction","target":{"@type":"EntryPoint","urlTemplate":"https:\/\/astronomie-vercors.fr\/?s={search_term_string}"},"query-input":{"@type":"PropertyValueSpecification","valueRequired":true,"valueName":"search_term_string"}}],"inLanguage":"en-US"},{"@type":"Organization","@id":"https:\/\/astronomie-vercors.fr\/#organization","name":"Astronomie Vercors","url":"https:\/\/astronomie-vercors.fr\/","logo":{"@type":"ImageObject","inLanguage":"en-US","@id":"https:\/\/astronomie-vercors.fr\/#\/schema\/logo\/image\/","url":"http:\/\/astronomie-vercors.fr\/wp-content\/uploads\/2023\/06\/cropped-logo-grandeur-nature-gd-copie.jpg","contentUrl":"http:\/\/astronomie-vercors.fr\/wp-content\/uploads\/2023\/06\/cropped-logo-grandeur-nature-gd-copie.jpg","width":512,"height":512,"caption":"Astronomie Vercors"},"image":{"@id":"https:\/\/astronomie-vercors.fr\/#\/schema\/logo\/image\/"},"sameAs":["https:\/\/www.facebook.com\/astrovercors"]}]}},"_links":{"self":[{"href":"https:\/\/astronomie-vercors.fr\/index.php\/wp-json\/wp\/v2\/pages\/8","targetHints":{"allow":["GET"]}}],"collection":[{"href":"https:\/\/astronomie-vercors.fr\/index.php\/wp-json\/wp\/v2\/pages"}],"about":[{"href":"https:\/\/astronomie-vercors.fr\/index.php\/wp-json\/wp\/v2\/types\/page"}],"author":[{"embeddable":true,"href":"https:\/\/astronomie-vercors.fr\/index.php\/wp-json\/wp\/v2\/users\/1"}],"replies":[{"embeddable":true,"href":"https:\/\/astronomie-vercors.fr\/index.php\/wp-json\/wp\/v2\/comments?post=8"}],"version-history":[{"count":13,"href":"https:\/\/astronomie-vercors.fr\/index.php\/wp-json\/wp\/v2\/pages\/8\/revisions"}],"predecessor-version":[{"id":289,"href":"https:\/\/astronomie-vercors.fr\/index.php\/wp-json\/wp\/v2\/pages\/8\/revisions\/289"}],"wp:featuredmedia":[{"embeddable":true,"href":"https:\/\/astronomie-vercors.fr\/index.php\/wp-json\/wp\/v2\/media\/36"}],"wp:attachment":[{"href":"https:\/\/astronomie-vercors.fr\/index.php\/wp-json\/wp\/v2\/media?parent=8"}],"curies":[{"name":"wp","href":"https:\/\/api.w.org\/{rel}","templated":true}]}}