{"id":10,"date":"2023-06-30T12:22:21","date_gmt":"2023-06-30T10:22:21","guid":{"rendered":"http:\/\/astronomie-vercors.fr\/?page_id=10"},"modified":"2025-05-22T18:54:37","modified_gmt":"2025-05-22T16:54:37","slug":"contact","status":"publish","type":"page","link":"https:\/\/astronomie-vercors.fr\/index.php\/contact\/","title":{"rendered":"Contact"},"content":{"rendered":"\n<p>Vous avez des questions n&#8217;h\u00e9sitez pas \u00e0 nous contacter au <\/p>\n\n\n\n<p><strong> 06 95 55 25 16 <\/strong>                                                        ou envoyez un   <a href=\"mailto:contact@nature-vercors.fr\" target=\"_blank\" rel=\"noreferrer noopener\"><strong>email<\/strong><\/a><\/p>\n\n\n\n<p><a href=\"https:\/\/nature-vercors.fr\/conditions-generales-de-ventes\/\" target=\"_blank\" rel=\"noreferrer noopener\">trouvez nos conditions g\u00e9n\u00e9rales de vente<\/a><\/p>\n\n\n\n<p>\ud83c\udf3f <strong>Pour profiter pleinement de votre exp\u00e9rience astronomique, offrez-vous une pause nature dans un cadre pr\u00e9serv\u00e9.<\/strong><br>Nous vous proposons un h\u00e9bergement chaleureux et confortable au <strong>Chalet Nature Vercors<\/strong>, id\u00e9alement situ\u00e9 pour allier ciel \u00e9toil\u00e9 et tranquillit\u00e9. Que ce soit pour une nuit ou un s\u00e9jour prolong\u00e9, c\u2019est le point de d\u00e9part parfait pour vos aventures c\u00e9lestes !<\/p>\n\n\n\n<p>\ud83d\udc49 D\u00e9couvrez toutes les options d\u2019h\u00e9bergement sur : <a class=\"\" href=\"https:\/\/nature-vercors.fr\">nature-vercors.fr<\/a><\/p>\n","protected":false},"excerpt":{"rendered":"<p>Vous avez des questions n&#8217;h\u00e9sitez pas \u00e0 nous contacter au 06 95 55 25 16 ou envoyez un email trouvez nos conditions g\u00e9n\u00e9rales de vente \ud83c\udf3f Pour profiter pleinement de votre exp\u00e9rience astronomique, offrez-vous une pause nature dans un cadre pr\u00e9serv\u00e9.Nous vous proposons un h\u00e9bergement chaleureux et confortable au Chalet Nature Vercors, id\u00e9alement situ\u00e9 pour &hellip; <\/p>\n<p class=\"link-more\"><a href=\"https:\/\/astronomie-vercors.fr\/index.php\/contact\/\" class=\"more-link\">Continue reading<span class=\"screen-reader-text\"> &#8220;Contact&#8221;<\/span><\/a><\/p>\n","protected":false},"author":1,"featured_media":74,"parent":0,"menu_order":0,"comment_status":"closed","ping_status":"closed","template":"","meta":{"om_disable_all_campaigns":false,"_monsterinsights_skip_tracking":false,"_monsterinsights_sitenote_active":false,"_monsterinsights_sitenote_note":"","_monsterinsights_sitenote_category":0,"_uf_show_specific_survey":0,"_uf_disable_surveys":false,"footnotes":""},"class_list":["post-10","page","type-page","status-publish","has-post-thumbnail","hentry"],"yoast_head":"<!-- This site is optimized with the Yoast SEO plugin v27.4 - https:\/\/yoast.com\/product\/yoast-seo-wordpress\/ -->\n<title>Contact - Astronomie Vercors<\/title>\n<meta name=\"robots\" content=\"index, follow, max-snippet:-1, max-image-preview:large, max-video-preview:-1\" \/>\n<link rel=\"canonical\" href=\"https:\/\/astronomie-vercors.fr\/index.php\/contact\/\" \/>\n<meta property=\"og:locale\" content=\"en_US\" \/>\n<meta property=\"og:type\" content=\"article\" \/>\n<meta property=\"og:title\" content=\"Contact - Astronomie Vercors\" \/>\n<meta property=\"og:description\" content=\"Vous avez des questions n&#8217;h\u00e9sitez pas \u00e0 nous contacter au 06 95 55 25 16 ou envoyez un email trouvez nos conditions g\u00e9n\u00e9rales de vente \ud83c\udf3f Pour profiter pleinement de votre exp\u00e9rience astronomique, offrez-vous une pause nature dans un cadre pr\u00e9serv\u00e9.Nous vous proposons un h\u00e9bergement chaleureux et confortable au Chalet Nature Vercors, id\u00e9alement situ\u00e9 pour &hellip; Continue reading &quot;Contact&quot;\" \/>\n<meta property=\"og:url\" content=\"https:\/\/astronomie-vercors.fr\/index.php\/contact\/\" \/>\n<meta property=\"og:site_name\" content=\"Astronomie Vercors\" \/>\n<meta property=\"article:publisher\" content=\"https:\/\/www.facebook.com\/astrovercors\" \/>\n<meta property=\"article:modified_time\" content=\"2025-05-22T16:54:37+00:00\" \/>\n<meta property=\"og:image\" content=\"https:\/\/astronomie-vercors.fr\/wp-content\/uploads\/2023\/07\/ursa-major.jpg\" \/>\n\t<meta property=\"og:image:width\" content=\"1300\" \/>\n\t<meta property=\"og:image:height\" content=\"740\" \/>\n\t<meta property=\"og:image:type\" content=\"image\/jpeg\" \/>\n<meta name=\"twitter:card\" content=\"summary_large_image\" \/>\n<meta name=\"twitter:label1\" content=\"Est. reading time\" \/>\n\t<meta name=\"twitter:data1\" content=\"1 minute\" \/>\n<script type=\"application\/ld+json\" class=\"yoast-schema-graph\">{\"@context\":\"https:\\\/\\\/schema.org\",\"@graph\":[{\"@type\":\"WebPage\",\"@id\":\"https:\\\/\\\/astronomie-vercors.fr\\\/index.php\\\/contact\\\/\",\"url\":\"https:\\\/\\\/astronomie-vercors.fr\\\/index.php\\\/contact\\\/\",\"name\":\"Contact - Astronomie Vercors\",\"isPartOf\":{\"@id\":\"https:\\\/\\\/astronomie-vercors.fr\\\/#website\"},\"primaryImageOfPage\":{\"@id\":\"https:\\\/\\\/astronomie-vercors.fr\\\/index.php\\\/contact\\\/#primaryimage\"},\"image\":{\"@id\":\"https:\\\/\\\/astronomie-vercors.fr\\\/index.php\\\/contact\\\/#primaryimage\"},\"thumbnailUrl\":\"https:\\\/\\\/astronomie-vercors.fr\\\/wp-content\\\/uploads\\\/2023\\\/07\\\/ursa-major.jpg\",\"datePublished\":\"2023-06-30T10:22:21+00:00\",\"dateModified\":\"2025-05-22T16:54:37+00:00\",\"breadcrumb\":{\"@id\":\"https:\\\/\\\/astronomie-vercors.fr\\\/index.php\\\/contact\\\/#breadcrumb\"},\"inLanguage\":\"en-US\",\"potentialAction\":[{\"@type\":\"ReadAction\",\"target\":[\"https:\\\/\\\/astronomie-vercors.fr\\\/index.php\\\/contact\\\/\"]}]},{\"@type\":\"ImageObject\",\"inLanguage\":\"en-US\",\"@id\":\"https:\\\/\\\/astronomie-vercors.fr\\\/index.php\\\/contact\\\/#primaryimage\",\"url\":\"https:\\\/\\\/astronomie-vercors.fr\\\/wp-content\\\/uploads\\\/2023\\\/07\\\/ursa-major.jpg\",\"contentUrl\":\"https:\\\/\\\/astronomie-vercors.fr\\\/wp-content\\\/uploads\\\/2023\\\/07\\\/ursa-major.jpg\",\"width\":1300,\"height\":740,\"caption\":\"ursa-major grande ourse\"},{\"@type\":\"BreadcrumbList\",\"@id\":\"https:\\\/\\\/astronomie-vercors.fr\\\/index.php\\\/contact\\\/#breadcrumb\",\"itemListElement\":[{\"@type\":\"ListItem\",\"position\":1,\"name\":\"Accueil\",\"item\":\"https:\\\/\\\/astronomie-vercors.fr\\\/\"},{\"@type\":\"ListItem\",\"position\":2,\"name\":\"Contact\"}]},{\"@type\":\"WebSite\",\"@id\":\"https:\\\/\\\/astronomie-vercors.fr\\\/#website\",\"url\":\"https:\\\/\\\/astronomie-vercors.fr\\\/\",\"name\":\"Astronomie Vercors\",\"description\":\"Sans l&#039;astronomie, l&#039;homme ignore la place qu&#039;il occupe. (Aristote)\",\"publisher\":{\"@id\":\"https:\\\/\\\/astronomie-vercors.fr\\\/#organization\"},\"potentialAction\":[{\"@type\":\"SearchAction\",\"target\":{\"@type\":\"EntryPoint\",\"urlTemplate\":\"https:\\\/\\\/astronomie-vercors.fr\\\/?s={search_term_string}\"},\"query-input\":{\"@type\":\"PropertyValueSpecification\",\"valueRequired\":true,\"valueName\":\"search_term_string\"}}],\"inLanguage\":\"en-US\"},{\"@type\":\"Organization\",\"@id\":\"https:\\\/\\\/astronomie-vercors.fr\\\/#organization\",\"name\":\"Astronomie Vercors\",\"url\":\"https:\\\/\\\/astronomie-vercors.fr\\\/\",\"logo\":{\"@type\":\"ImageObject\",\"inLanguage\":\"en-US\",\"@id\":\"https:\\\/\\\/astronomie-vercors.fr\\\/#\\\/schema\\\/logo\\\/image\\\/\",\"url\":\"http:\\\/\\\/astronomie-vercors.fr\\\/wp-content\\\/uploads\\\/2023\\\/06\\\/cropped-logo-grandeur-nature-gd-copie.jpg\",\"contentUrl\":\"http:\\\/\\\/astronomie-vercors.fr\\\/wp-content\\\/uploads\\\/2023\\\/06\\\/cropped-logo-grandeur-nature-gd-copie.jpg\",\"width\":512,\"height\":512,\"caption\":\"Astronomie Vercors\"},\"image\":{\"@id\":\"https:\\\/\\\/astronomie-vercors.fr\\\/#\\\/schema\\\/logo\\\/image\\\/\"},\"sameAs\":[\"https:\\\/\\\/www.facebook.com\\\/astrovercors\"]}]}<\/script>\n<!-- \/ Yoast SEO plugin. -->","yoast_head_json":{"title":"Contact - Astronomie Vercors","robots":{"index":"index","follow":"follow","max-snippet":"max-snippet:-1","max-image-preview":"max-image-preview:large","max-video-preview":"max-video-preview:-1"},"canonical":"https:\/\/astronomie-vercors.fr\/index.php\/contact\/","og_locale":"en_US","og_type":"article","og_title":"Contact - Astronomie Vercors","og_description":"Vous avez des questions n&#8217;h\u00e9sitez pas \u00e0 nous contacter au 06 95 55 25 16 ou envoyez un email trouvez nos conditions g\u00e9n\u00e9rales de vente \ud83c\udf3f Pour profiter pleinement de votre exp\u00e9rience astronomique, offrez-vous une pause nature dans un cadre pr\u00e9serv\u00e9.Nous vous proposons un h\u00e9bergement chaleureux et confortable au Chalet Nature Vercors, id\u00e9alement situ\u00e9 pour &hellip; Continue reading \"Contact\"","og_url":"https:\/\/astronomie-vercors.fr\/index.php\/contact\/","og_site_name":"Astronomie Vercors","article_publisher":"https:\/\/www.facebook.com\/astrovercors","article_modified_time":"2025-05-22T16:54:37+00:00","og_image":[{"width":1300,"height":740,"url":"https:\/\/astronomie-vercors.fr\/wp-content\/uploads\/2023\/07\/ursa-major.jpg","type":"image\/jpeg"}],"twitter_card":"summary_large_image","twitter_misc":{"Est. reading time":"1 minute"},"schema":{"@context":"https:\/\/schema.org","@graph":[{"@type":"WebPage","@id":"https:\/\/astronomie-vercors.fr\/index.php\/contact\/","url":"https:\/\/astronomie-vercors.fr\/index.php\/contact\/","name":"Contact - Astronomie Vercors","isPartOf":{"@id":"https:\/\/astronomie-vercors.fr\/#website"},"primaryImageOfPage":{"@id":"https:\/\/astronomie-vercors.fr\/index.php\/contact\/#primaryimage"},"image":{"@id":"https:\/\/astronomie-vercors.fr\/index.php\/contact\/#primaryimage"},"thumbnailUrl":"https:\/\/astronomie-vercors.fr\/wp-content\/uploads\/2023\/07\/ursa-major.jpg","datePublished":"2023-06-30T10:22:21+00:00","dateModified":"2025-05-22T16:54:37+00:00","breadcrumb":{"@id":"https:\/\/astronomie-vercors.fr\/index.php\/contact\/#breadcrumb"},"inLanguage":"en-US","potentialAction":[{"@type":"ReadAction","target":["https:\/\/astronomie-vercors.fr\/index.php\/contact\/"]}]},{"@type":"ImageObject","inLanguage":"en-US","@id":"https:\/\/astronomie-vercors.fr\/index.php\/contact\/#primaryimage","url":"https:\/\/astronomie-vercors.fr\/wp-content\/uploads\/2023\/07\/ursa-major.jpg","contentUrl":"https:\/\/astronomie-vercors.fr\/wp-content\/uploads\/2023\/07\/ursa-major.jpg","width":1300,"height":740,"caption":"ursa-major grande ourse"},{"@type":"BreadcrumbList","@id":"https:\/\/astronomie-vercors.fr\/index.php\/contact\/#breadcrumb","itemListElement":[{"@type":"ListItem","position":1,"name":"Accueil","item":"https:\/\/astronomie-vercors.fr\/"},{"@type":"ListItem","position":2,"name":"Contact"}]},{"@type":"WebSite","@id":"https:\/\/astronomie-vercors.fr\/#website","url":"https:\/\/astronomie-vercors.fr\/","name":"Astronomie Vercors","description":"Sans l&#039;astronomie, l&#039;homme ignore la place qu&#039;il occupe. (Aristote)","publisher":{"@id":"https:\/\/astronomie-vercors.fr\/#organization"},"potentialAction":[{"@type":"SearchAction","target":{"@type":"EntryPoint","urlTemplate":"https:\/\/astronomie-vercors.fr\/?s={search_term_string}"},"query-input":{"@type":"PropertyValueSpecification","valueRequired":true,"valueName":"search_term_string"}}],"inLanguage":"en-US"},{"@type":"Organization","@id":"https:\/\/astronomie-vercors.fr\/#organization","name":"Astronomie Vercors","url":"https:\/\/astronomie-vercors.fr\/","logo":{"@type":"ImageObject","inLanguage":"en-US","@id":"https:\/\/astronomie-vercors.fr\/#\/schema\/logo\/image\/","url":"http:\/\/astronomie-vercors.fr\/wp-content\/uploads\/2023\/06\/cropped-logo-grandeur-nature-gd-copie.jpg","contentUrl":"http:\/\/astronomie-vercors.fr\/wp-content\/uploads\/2023\/06\/cropped-logo-grandeur-nature-gd-copie.jpg","width":512,"height":512,"caption":"Astronomie Vercors"},"image":{"@id":"https:\/\/astronomie-vercors.fr\/#\/schema\/logo\/image\/"},"sameAs":["https:\/\/www.facebook.com\/astrovercors"]}]}},"_links":{"self":[{"href":"https:\/\/astronomie-vercors.fr\/index.php\/wp-json\/wp\/v2\/pages\/10","targetHints":{"allow":["GET"]}}],"collection":[{"href":"https:\/\/astronomie-vercors.fr\/index.php\/wp-json\/wp\/v2\/pages"}],"about":[{"href":"https:\/\/astronomie-vercors.fr\/index.php\/wp-json\/wp\/v2\/types\/page"}],"author":[{"embeddable":true,"href":"https:\/\/astronomie-vercors.fr\/index.php\/wp-json\/wp\/v2\/users\/1"}],"replies":[{"embeddable":true,"href":"https:\/\/astronomie-vercors.fr\/index.php\/wp-json\/wp\/v2\/comments?post=10"}],"version-history":[{"count":7,"href":"https:\/\/astronomie-vercors.fr\/index.php\/wp-json\/wp\/v2\/pages\/10\/revisions"}],"predecessor-version":[{"id":315,"href":"https:\/\/astronomie-vercors.fr\/index.php\/wp-json\/wp\/v2\/pages\/10\/revisions\/315"}],"wp:featuredmedia":[{"embeddable":true,"href":"https:\/\/astronomie-vercors.fr\/index.php\/wp-json\/wp\/v2\/media\/74"}],"wp:attachment":[{"href":"https:\/\/astronomie-vercors.fr\/index.php\/wp-json\/wp\/v2\/media?parent=10"}],"curies":[{"name":"wp","href":"https:\/\/api.w.org\/{rel}","templated":true}]}}